{"id":15042,"date":"2024-10-04T11:07:32","date_gmt":"2024-10-04T08:07:32","guid":{"rendered":"https:\/\/www.concreteplacer.com\/diversion-valves-2\/"},"modified":"2025-02-07T15:10:47","modified_gmt":"2025-02-07T12:10:47","slug":"valvulas-desviadoras","status":"publish","type":"page","link":"https:\/\/www.concreteplacer.com\/es\/valvulas-desviadoras\/","title":{"rendered":"V\u00e1lvulas Desviadoras"},"content":{"rendered":"<p>[vc_row][vc_column]<style>.ld_fancy_heading_69e4c792e3978 h4 {margin-top:20px !important; margin-right:20px !important; margin-bottom:20px !important; margin-left:20px !important;  } @media (min-width: 1200px) { .ld_fancy_heading_69e4c792e3978 h4 {margin-top:20px !important; margin-right:20px !important; margin-bottom:20px !important; margin-left:20px !important;  }  } .ld_fancy_heading_69e4c792e3978 .lqd-highlight-inner{height:0.275em!important;bottom:0px!important;}.ld_fancy_heading_69e4c792e3978 h4 {margin-top:20px !important; margin-right:20px !important; margin-bottom:20px !important; margin-left:20px !important;  } @media (min-width: 1200px) { .ld_fancy_heading_69e4c792e3978 h4 {margin-top:20px !important; margin-right:20px !important; margin-bottom:20px !important; margin-left:20px !important;  }  } <\/style><div class=\"ld-fancy-heading ld_fancy_heading_69e4c792e3978\">\n\t<h4 class=\"ld-fh-element lqd-highlight-underline lqd-highlight-grow-left text-decoration-default\"   >  V\u00e1lvulas Desviadoras<\/h4><\/div>[\/vc_column][\/vc_row][vc_row][vc_column width=&#8221;1\/4&#8243;][\/vc_column][vc_column width=&#8221;1\/4&#8243; css=&#8221;.vc_custom_1732282398455{margin-top: 20px !important;margin-right: 20px !important;margin-bottom: 20px !important;margin-left: 20px !important;}&#8221;][vc_single_image image=&#8221;13912&#8243; img_size=&#8221;250&#215;250&#8243; alignment=&#8221;center&#8221;][vc_column_text]<\/p>\n<p style=\"text-align: center;\"><strong>V\u00e1lvulas de Desv\u00edo<\/strong><br \/>\nV\u00e1lvulas de desviaci\u00f3n hidr\u00e1ulicas<\/p>\n<p>[\/vc_column_text][\/vc_column][vc_column width=&#8221;1\/4&#8243; css=&#8221;.vc_custom_1732282409190{margin-top: 20px !important;margin-right: 20px !important;margin-bottom: 20px !important;margin-left: 20px !important;}&#8221;][vc_single_image image=&#8221;13911&#8243; img_size=&#8221;250&#215;250&#8243; alignment=&#8221;center&#8221;][vc_column_text]<\/p>\n<p style=\"text-align: center;\"><strong>Paquetes de Energ\u00eda<\/strong><br \/>\nPaquetes de energ\u00eda para v\u00e1lvulas de desviaci\u00f3n<\/p>\n<p>[\/vc_column_text][\/vc_column][vc_column width=&#8221;1\/4&#8243;][\/vc_column][\/vc_row][vc_row responsive_css=&#8221;margin_bottom_large:30px&#8221;][vc_column][vc_separator color=&#8221;custom&#8221; css=&#8221;.vc_custom_1727686035810{margin-top: 20px !important;}&#8221; accent_color=&#8221;rgb(68, 68, 68)&#8221;]<style>.ld_fancy_heading_69e4c792e45b4 .lqd-highlight-inner{height:0.275em!important;bottom:0px!important;}<\/style><div class=\"ld-fancy-heading text-center ld_fancy_heading_69e4c792e45b4\">\n\t<h4 class=\"ld-fh-element lqd-highlight-underline lqd-highlight-grow-left text-decoration-default\"   >  Productos<\/h4><\/div><style><\/style><div class=\"lqd-tabs lqd-tabs-style-12 d-flex flex-column ld_tabs_69e4c792e6055\" data-tabs-options='{\"trigger\":\"hover\"}'>\n\n\t<nav class=\"lqd-tabs-nav-wrap mb-6\">\n\t\t<ul class=\"reset-ul lqd-tabs-nav d-flex align-items-center flex-wrap justify-content-md-start\" role=\"tablist\"><li data-controls=\"lqd-1727430611712-73d34daf-344e\" role=\"presentation\" class=\"ld_tab_section-69e4c792e4b56 active mb-3\"><a class=\"d-flex align-items-center\" href=\"#lqd-1727430611712-73d34daf-344e\" data-bs-target=\"#lqd-1727430611712-73d34daf-344e\" aria-expanded=\"false\" aria-controls=\"lqd-1727430611712-73d34daf-344e\" role=\"tab\" data-toggle=\"tab\" data-bs-toggle=\"tab\"><span class=\"lqd-tabs-nav-txt\">Distribuidores de Hormig\u00f3n<\/span><\/a><\/li><li data-controls=\"lqd-1727779340409-14ae1caf-89b7\" role=\"presentation\" class=\"ld_tab_section-69e4c792e545e mb-3\"><a class=\"d-flex align-items-center\" href=\"#lqd-1727779340409-14ae1caf-89b7\" data-bs-target=\"#lqd-1727779340409-14ae1caf-89b7\" aria-expanded=\"false\" aria-controls=\"lqd-1727779340409-14ae1caf-89b7\" role=\"tab\" data-toggle=\"tab\" data-bs-toggle=\"tab\"><span class=\"lqd-tabs-nav-txt\">Bombas de Hormig\u00f3n<\/span><\/a><\/li><li data-controls=\"lqd-1727779337251-e639395b-8e05\" role=\"presentation\" class=\"ld_tab_section-69e4c792e58ac mb-3\"><a class=\"d-flex align-items-center\" href=\"#lqd-1727779337251-e639395b-8e05\" data-bs-target=\"#lqd-1727779337251-e639395b-8e05\" aria-expanded=\"false\" aria-controls=\"lqd-1727779337251-e639395b-8e05\" role=\"tab\" data-toggle=\"tab\" data-bs-toggle=\"tab\"><span class=\"lqd-tabs-nav-txt\">Equipo de Distribuci\u00f3n de Concreto<\/span><\/a><\/li><\/ul>\t\t \n\t<\/nav>\n\n\t<div class=\"lqd-tabs-content\"><div id=\"lqd-1727430611712-73d34daf-344e\" role=\"tabpanel\" class=\"lqd-tabs-pane fade active in\">[vc_row_inner responsive_css=&#8221;margin_top_large:10px|margin_right_large:10px|margin_bottom_large:10px|margin_left_large:10px&#8221;][vc_column_inner width=&#8221;1\/4&#8243; responsive_css=&#8221;margin_top_large:10px|margin_right_large:10px|margin_bottom_large:10px|margin_left_large:10px&#8221;][vc_single_image image=&#8221;13885&#8243; alignment=&#8221;center&#8221; style=&#8221;vc_box_border_circle&#8221; onclick=&#8221;custom_link&#8221; enable_link=&#8221;enable_image_link&#8221; enable_opacity=&#8221;yes&#8221; opacity=&#8221;1&#8243; link=&#8221;url:https%3A%2F%2Fwww.concreteplacer.com%2Frotary-mechanical-distributor%2F|title:Page%20Help%20Center%20%E2%80%93%201||&#8221; css=&#8221;.vc_custom_1727780170375{border-radius: 5px !important;}&#8221;]<style>.ld_fancy_heading_69e4c792e4cf1 div {margin-top:10px !important;  } @media (min-width: 768px) { .ld_fancy_heading_69e4c792e4cf1 div {margin-top:10px !important;  }  } @media (min-width: 992px) { .ld_fancy_heading_69e4c792e4cf1 div {margin-top:10px !important;  }  } @media (min-width: 1200px) { .ld_fancy_heading_69e4c792e4cf1 div {margin-top:10px !important;  }  } .ld_fancy_heading_69e4c792e4cf1 .lqd-highlight-inner{height:0.275em!important;bottom:0px!important;}.ld_fancy_heading_69e4c792e4cf1 div {margin-top:10px !important;  } @media (min-width: 768px) { .ld_fancy_heading_69e4c792e4cf1 div {margin-top:10px !important;  }  } @media (min-width: 992px) { .ld_fancy_heading_69e4c792e4cf1 div {margin-top:10px !important;  }  } @media (min-width: 1200px) { .ld_fancy_heading_69e4c792e4cf1 div {margin-top:10px !important;  }  } <\/style><div class=\"ld-fancy-heading text-center ld_fancy_heading_69e4c792e4cf1\">\n\t<div class=\"ld-fh-element lqd-highlight-underline lqd-highlight-grow-left text-decoration-default\"  ><a href=\"https:\/\/www.concreteplacer.com\/rotary-mechanical-distributor\/\" title=\"Rotary Mechanical Distributor\" >  Distribuidores Hidr\u00e1ulicos<\/a><\/div><\/div>[\/vc_column_inner][vc_column_inner width=&#8221;1\/4&#8243; responsive_css=&#8221;margin_top_large:10px|margin_right_large:10px|margin_bottom_large:10px|margin_left_large:10px&#8221;][vc_single_image image=&#8221;13977&#8243; alignment=&#8221;center&#8221; style=&#8221;vc_box_border_circle&#8221; onclick=&#8221;custom_link&#8221; enable_link=&#8221;enable_image_link&#8221; enable_opacity=&#8221;yes&#8221; opacity=&#8221;1&#8243; link=&#8221;url:https%3A%2F%2Fwww.concreteplacer.com%2Frotary-mechanical-distributor%2F|title:Page%20Help%20Center%20%E2%80%93%201||&#8221; css=&#8221;.vc_custom_1727779025481{border-radius: 5px !important;}&#8221;]<style>.ld_fancy_heading_69e4c792e4f50 div {margin-top:10px !important;  } @media (min-width: 768px) { .ld_fancy_heading_69e4c792e4f50 div {margin-top:10px !important;  }  } @media (min-width: 992px) { .ld_fancy_heading_69e4c792e4f50 div {margin-top:10px !important;  }  } @media (min-width: 1200px) { .ld_fancy_heading_69e4c792e4f50 div {margin-top:10px !important;  }  } .ld_fancy_heading_69e4c792e4f50 .lqd-highlight-inner{height:0.275em!important;bottom:0px!important;}.ld_fancy_heading_69e4c792e4f50 div {margin-top:10px !important;  } @media (min-width: 768px) { .ld_fancy_heading_69e4c792e4f50 div {margin-top:10px !important;  }  } @media (min-width: 992px) { .ld_fancy_heading_69e4c792e4f50 div {margin-top:10px !important;  }  } @media (min-width: 1200px) { .ld_fancy_heading_69e4c792e4f50 div {margin-top:10px !important;  }  } <\/style><div class=\"ld-fancy-heading text-center ld_fancy_heading_69e4c792e4f50\">\n\t<div class=\"ld-fh-element lqd-highlight-underline lqd-highlight-grow-left text-decoration-default\"  ><a href=\"https:\/\/www.concreteplacer.com\/rotary-mechanical-distributor\/\" title=\"Rotary Mechanical Distributor\" >  Pluma de Colocaci\u00f3n Del M\u00e1stil<\/a><\/div><\/div>[\/vc_column_inner][vc_column_inner width=&#8221;1\/4&#8243; responsive_css=&#8221;margin_top_large:10px|margin_right_large:10px|margin_bottom_large:10px|margin_left_large:10px&#8221;][vc_single_image image=&#8221;13939&#8243; alignment=&#8221;center&#8221; style=&#8221;vc_box_border_circle&#8221; onclick=&#8221;custom_link&#8221; enable_link=&#8221;enable_image_link&#8221; enable_opacity=&#8221;yes&#8221; opacity=&#8221;1&#8243; link=&#8221;url:https%3A%2F%2Fwww.concreteplacer.com%2Frotary-mechanical-distributor%2F|title:Page%20Help%20Center%20%E2%80%93%201||&#8221; css=&#8221;.vc_custom_1727778935298{border-radius: 5px !important;}&#8221;]<style>.ld_fancy_heading_69e4c792e5151 div {margin-top:10px !important;  } @media (min-width: 768px) { .ld_fancy_heading_69e4c792e5151 div {margin-top:10px !important;  }  } @media (min-width: 992px) { .ld_fancy_heading_69e4c792e5151 div {margin-top:10px !important;  }  } @media (min-width: 1200px) { .ld_fancy_heading_69e4c792e5151 div {margin-top:10px !important;  }  } .ld_fancy_heading_69e4c792e5151 .lqd-highlight-inner{height:0.275em!important;bottom:0px!important;}.ld_fancy_heading_69e4c792e5151 div {margin-top:10px !important;  } @media (min-width: 768px) { .ld_fancy_heading_69e4c792e5151 div {margin-top:10px !important;  }  } @media (min-width: 992px) { .ld_fancy_heading_69e4c792e5151 div {margin-top:10px !important;  }  } @media (min-width: 1200px) { .ld_fancy_heading_69e4c792e5151 div {margin-top:10px !important;  }  } <\/style><div class=\"ld-fancy-heading text-center ld_fancy_heading_69e4c792e5151\">\n\t<div class=\"ld-fh-element lqd-highlight-underline lqd-highlight-grow-left text-decoration-default\"  ><a href=\"https:\/\/www.concreteplacer.com\/rotary-mechanical-distributor\/\" title=\"Rotary Mechanical Distributor\" >  Pluma Distribuidora Con Ruedas<\/a><\/div><\/div>[\/vc_column_inner][vc_column_inner width=&#8221;1\/4&#8243; responsive_css=&#8221;margin_top_large:10px|margin_right_large:10px|margin_bottom_large:10px|margin_left_large:10px&#8221;][vc_single_image image=&#8221;13877&#8243; alignment=&#8221;center&#8221; style=&#8221;vc_box_border_circle&#8221; onclick=&#8221;custom_link&#8221; enable_link=&#8221;enable_image_link&#8221; enable_opacity=&#8221;yes&#8221; opacity=&#8221;1&#8243; link=&#8221;url:https%3A%2F%2Fwww.concreteplacer.com%2Frotary-mechanical-distributor%2F|title:Page%20Help%20Center%20%E2%80%93%201||&#8221; css=&#8221;.vc_custom_1727779064168{border-radius: 5px !important;}&#8221;]<style>.ld_fancy_heading_69e4c792e5331 div {margin-top:10px !important;  } @media (min-width: 768px) { .ld_fancy_heading_69e4c792e5331 div {margin-top:10px !important;  }  } @media (min-width: 992px) { .ld_fancy_heading_69e4c792e5331 div {margin-top:10px !important;  }  } @media (min-width: 1200px) { .ld_fancy_heading_69e4c792e5331 div {margin-top:10px !important;  }  } .ld_fancy_heading_69e4c792e5331 .lqd-highlight-inner{height:0.275em!important;bottom:0px!important;}.ld_fancy_heading_69e4c792e5331 div {margin-top:10px !important;  } @media (min-width: 768px) { .ld_fancy_heading_69e4c792e5331 div {margin-top:10px !important;  }  } @media (min-width: 992px) { .ld_fancy_heading_69e4c792e5331 div {margin-top:10px !important;  }  } @media (min-width: 1200px) { .ld_fancy_heading_69e4c792e5331 div {margin-top:10px !important;  }  } <\/style><div class=\"ld-fancy-heading text-center ld_fancy_heading_69e4c792e5331\">\n\t<div class=\"ld-fh-element lqd-highlight-underline lqd-highlight-grow-left text-decoration-default\"  ><a href=\"https:\/\/www.concreteplacer.com\/rotary-mechanical-distributor\/\" title=\"Rotary Mechanical Distributor\" >  Mini Distribuidor Sobre Carro<\/a><\/div><\/div>[\/vc_column_inner][\/vc_row_inner]<\/div><div id=\"lqd-1727779340409-14ae1caf-89b7\" role=\"tabpanel\" class=\"lqd-tabs-pane fade\">[vc_row_inner responsive_css=&#8221;margin_top_large:10px|margin_right_large:10px|margin_bottom_large:10px|margin_left_large:10px&#8221;][vc_column_inner width=&#8221;1\/4&#8243; responsive_css=&#8221;margin_top_large:10px|margin_right_large:10px|margin_bottom_large:10px|margin_left_large:10px&#8221;][\/vc_column_inner][vc_column_inner width=&#8221;1\/4&#8243; responsive_css=&#8221;margin_top_large:10px|margin_right_large:10px|margin_bottom_large:10px|margin_left_large:10px&#8221;][vc_single_image image=&#8221;14005&#8243; alignment=&#8221;center&#8221; style=&#8221;vc_box_border_circle&#8221; onclick=&#8221;custom_link&#8221; enable_link=&#8221;enable_image_link&#8221; enable_opacity=&#8221;yes&#8221; opacity=&#8221;1&#8243; link=&#8221;url:https%3A%2F%2Fwww.concreteplacer.com%2Frotary-mechanical-distributor%2F|title:Page%20Help%20Center%20%E2%80%93%201||&#8221; css=&#8221;.vc_custom_1727779730121{border-radius: 5px !important;}&#8221;]<style>.ld_fancy_heading_69e4c792e559a div {margin-top:10px !important;  } @media (min-width: 768px) { .ld_fancy_heading_69e4c792e559a div {margin-top:10px !important;  }  } @media (min-width: 992px) { .ld_fancy_heading_69e4c792e559a div {margin-top:10px !important;  }  } @media (min-width: 1200px) { .ld_fancy_heading_69e4c792e559a div {margin-top:10px !important;  }  } .ld_fancy_heading_69e4c792e559a .lqd-highlight-inner{height:0.275em!important;bottom:0px!important;}.ld_fancy_heading_69e4c792e559a div {margin-top:10px !important;  } @media (min-width: 768px) { .ld_fancy_heading_69e4c792e559a div {margin-top:10px !important;  }  } @media (min-width: 992px) { .ld_fancy_heading_69e4c792e559a div {margin-top:10px !important;  }  } @media (min-width: 1200px) { .ld_fancy_heading_69e4c792e559a div {margin-top:10px !important;  }  } <\/style><div class=\"ld-fancy-heading text-center ld_fancy_heading_69e4c792e559a\">\n\t<div class=\"ld-fh-element lqd-highlight-underline lqd-highlight-grow-left text-decoration-default\"  ><a href=\"https:\/\/www.concreteplacer.com\/rotary-mechanical-distributor\/\" title=\"Rotary Mechanical Distributor\" >  Bomba de Hormig\u00f3n Scorpi\u00f3n<\/a><\/div><\/div>[\/vc_column_inner][vc_column_inner width=&#8221;1\/4&#8243; responsive_css=&#8221;margin_top_large:10px|margin_right_large:10px|margin_bottom_large:10px|margin_left_large:10px&#8221;][vc_single_image image=&#8221;13945&#8243; alignment=&#8221;center&#8221; style=&#8221;vc_box_border_circle&#8221; onclick=&#8221;custom_link&#8221; enable_link=&#8221;enable_image_link&#8221; enable_opacity=&#8221;yes&#8221; opacity=&#8221;1&#8243; link=&#8221;url:https%3A%2F%2Fwww.concreteplacer.com%2Frotary-mechanical-distributor%2F|title:Page%20Help%20Center%20%E2%80%93%201||&#8221; css=&#8221;.vc_custom_1727779807457{border-radius: 5px !important;}&#8221;]<style>.ld_fancy_heading_69e4c792e5780 div {margin-top:10px !important;  } @media (min-width: 768px) { .ld_fancy_heading_69e4c792e5780 div {margin-top:10px !important;  }  } @media (min-width: 992px) { .ld_fancy_heading_69e4c792e5780 div {margin-top:10px !important;  }  } @media (min-width: 1200px) { .ld_fancy_heading_69e4c792e5780 div {margin-top:10px !important;  }  } .ld_fancy_heading_69e4c792e5780 .lqd-highlight-inner{height:0.275em!important;bottom:0px!important;}.ld_fancy_heading_69e4c792e5780 div {margin-top:10px !important;  } @media (min-width: 768px) { .ld_fancy_heading_69e4c792e5780 div {margin-top:10px !important;  }  } @media (min-width: 992px) { .ld_fancy_heading_69e4c792e5780 div {margin-top:10px !important;  }  } @media (min-width: 1200px) { .ld_fancy_heading_69e4c792e5780 div {margin-top:10px !important;  }  } <\/style><div class=\"ld-fancy-heading text-center ld_fancy_heading_69e4c792e5780\">\n\t<div class=\"ld-fh-element lqd-highlight-underline lqd-highlight-grow-left text-decoration-default\"  ><a href=\"https:\/\/www.concreteplacer.com\/rotary-mechanical-distributor\/\" title=\"Rotary Mechanical Distributor\" >  Bombas de Hormig\u00f3n Estacionarias<\/a><\/div><\/div>[\/vc_column_inner][vc_column_inner width=&#8221;1\/4&#8243; responsive_css=&#8221;margin_top_large:10px|margin_right_large:10px|margin_bottom_large:10px|margin_left_large:10px&#8221;][\/vc_column_inner][\/vc_row_inner]<\/div><div id=\"lqd-1727779337251-e639395b-8e05\" role=\"tabpanel\" class=\"lqd-tabs-pane fade\">[vc_row_inner responsive_css=&#8221;margin_top_large:10px|margin_right_large:10px|margin_bottom_large:10px|margin_left_large:10px&#8221;][vc_column_inner width=&#8221;1\/4&#8243; responsive_css=&#8221;margin_top_large:10px|margin_right_large:10px|margin_bottom_large:10px|margin_left_large:10px&#8221;][vc_single_image image=&#8221;13907&#8243; alignment=&#8221;center&#8221; style=&#8221;vc_box_border_circle&#8221; onclick=&#8221;custom_link&#8221; enable_link=&#8221;enable_image_link&#8221; enable_opacity=&#8221;yes&#8221; opacity=&#8221;1&#8243; link=&#8221;url:https%3A%2F%2Fwww.concreteplacer.com%2Frotary-mechanical-distributor%2F|title:Page%20Help%20Center%20%E2%80%93%201||&#8221; css=&#8221;.vc_custom_1727780019424{border-radius: 5px !important;}&#8221;]<style>.ld_fancy_heading_69e4c792e59e1 div {margin-top:10px !important;  } @media (min-width: 768px) { .ld_fancy_heading_69e4c792e59e1 div {margin-top:10px !important;  }  } @media (min-width: 992px) { .ld_fancy_heading_69e4c792e59e1 div {margin-top:10px !important;  }  } @media (min-width: 1200px) { .ld_fancy_heading_69e4c792e59e1 div {margin-top:10px !important;  }  } .ld_fancy_heading_69e4c792e59e1 .lqd-highlight-inner{height:0.275em!important;bottom:0px!important;}.ld_fancy_heading_69e4c792e59e1 div {margin-top:10px !important;  } @media (min-width: 768px) { .ld_fancy_heading_69e4c792e59e1 div {margin-top:10px !important;  }  } @media (min-width: 992px) { .ld_fancy_heading_69e4c792e59e1 div {margin-top:10px !important;  }  } @media (min-width: 1200px) { .ld_fancy_heading_69e4c792e59e1 div {margin-top:10px !important;  }  } <\/style><div class=\"ld-fancy-heading text-center ld_fancy_heading_69e4c792e59e1\">\n\t<div class=\"ld-fh-element lqd-highlight-underline lqd-highlight-grow-left text-decoration-default\"  ><a href=\"https:\/\/www.concreteplacer.com\/rotary-mechanical-distributor\/\" title=\"Rotary Mechanical Distributor\" >  Elementos de Tuber\u00eda<\/a><\/div><\/div>[\/vc_column_inner][vc_column_inner width=&#8221;1\/4&#8243; responsive_css=&#8221;margin_top_large:10px|margin_right_large:10px|margin_bottom_large:10px|margin_left_large:10px&#8221;][vc_single_image image=&#8221;13923&#8243; alignment=&#8221;center&#8221; style=&#8221;vc_box_border_circle&#8221; onclick=&#8221;custom_link&#8221; enable_link=&#8221;enable_image_link&#8221; enable_opacity=&#8221;yes&#8221; opacity=&#8221;1&#8243; link=&#8221;url:https%3A%2F%2Fwww.concreteplacer.com%2Frotary-mechanical-distributor%2F|title:Page%20Help%20Center%20%E2%80%93%201||&#8221; css=&#8221;.vc_custom_1727780036696{border-radius: 5px !important;}&#8221;]<style>.ld_fancy_heading_69e4c792e5bbb div {margin-top:10px !important;  } @media (min-width: 768px) { .ld_fancy_heading_69e4c792e5bbb div {margin-top:10px !important;  }  } @media (min-width: 992px) { .ld_fancy_heading_69e4c792e5bbb div {margin-top:10px !important;  }  } @media (min-width: 1200px) { .ld_fancy_heading_69e4c792e5bbb div {margin-top:10px !important;  }  } .ld_fancy_heading_69e4c792e5bbb .lqd-highlight-inner{height:0.275em!important;bottom:0px!important;}.ld_fancy_heading_69e4c792e5bbb div {margin-top:10px !important;  } @media (min-width: 768px) { .ld_fancy_heading_69e4c792e5bbb div {margin-top:10px !important;  }  } @media (min-width: 992px) { .ld_fancy_heading_69e4c792e5bbb div {margin-top:10px !important;  }  } @media (min-width: 1200px) { .ld_fancy_heading_69e4c792e5bbb div {margin-top:10px !important;  }  } <\/style><div class=\"ld-fancy-heading text-center ld_fancy_heading_69e4c792e5bbb\">\n\t<div class=\"ld-fh-element lqd-highlight-underline lqd-highlight-grow-left text-decoration-default\"  ><a href=\"https:\/\/www.concreteplacer.com\/rotary-mechanical-distributor\/\" title=\"Rotary Mechanical Distributor\" >  Elementos de Fijaci\u00f3n de Tuber\u00eda<\/a><\/div><\/div>[\/vc_column_inner][vc_column_inner width=&#8221;1\/4&#8243; responsive_css=&#8221;margin_top_large:10px|margin_right_large:10px|margin_bottom_large:10px|margin_left_large:10px&#8221;][vc_single_image image=&#8221;13917&#8243; alignment=&#8221;center&#8221; style=&#8221;vc_box_border_circle&#8221; onclick=&#8221;custom_link&#8221; enable_link=&#8221;enable_image_link&#8221; enable_opacity=&#8221;yes&#8221; opacity=&#8221;1&#8243; link=&#8221;url:https%3A%2F%2Fwww.concreteplacer.com%2Frotary-mechanical-distributor%2F|title:Page%20Help%20Center%20%E2%80%93%201||&#8221; css=&#8221;.vc_custom_1727780054465{border-radius: 5px !important;}&#8221;]<style>.ld_fancy_heading_69e4c792e5d8b div {margin-top:10px !important;  } @media (min-width: 768px) { .ld_fancy_heading_69e4c792e5d8b div {margin-top:10px !important;  }  } @media (min-width: 992px) { .ld_fancy_heading_69e4c792e5d8b div {margin-top:10px !important;  }  } @media (min-width: 1200px) { .ld_fancy_heading_69e4c792e5d8b div {margin-top:10px !important;  }  } .ld_fancy_heading_69e4c792e5d8b .lqd-highlight-inner{height:0.275em!important;bottom:0px!important;}.ld_fancy_heading_69e4c792e5d8b div {margin-top:10px !important;  } @media (min-width: 768px) { .ld_fancy_heading_69e4c792e5d8b div {margin-top:10px !important;  }  } @media (min-width: 992px) { .ld_fancy_heading_69e4c792e5d8b div {margin-top:10px !important;  }  } @media (min-width: 1200px) { .ld_fancy_heading_69e4c792e5d8b div {margin-top:10px !important;  }  } <\/style><div class=\"ld-fancy-heading text-center ld_fancy_heading_69e4c792e5d8b\">\n\t<div class=\"ld-fh-element lqd-highlight-underline lqd-highlight-grow-left text-decoration-default\"  ><a href=\"https:\/\/www.concreteplacer.com\/rotary-mechanical-distributor\/\" title=\"Rotary Mechanical Distributor\" >  Mangueras Flexibles<\/a><\/div><\/div>[\/vc_column_inner][vc_column_inner width=&#8221;1\/4&#8243; responsive_css=&#8221;margin_top_large:10px|margin_right_large:10px|margin_bottom_large:10px|margin_left_large:10px&#8221;][vc_single_image image=&#8221;13912&#8243; alignment=&#8221;center&#8221; style=&#8221;vc_box_border_circle&#8221; onclick=&#8221;custom_link&#8221; enable_link=&#8221;enable_image_link&#8221; enable_opacity=&#8221;yes&#8221; opacity=&#8221;1&#8243; link=&#8221;url:https%3A%2F%2Fwww.concreteplacer.com%2Frotary-mechanical-distributor%2F|title:Page%20Help%20Center%20%E2%80%93%201||&#8221; css=&#8221;.vc_custom_1727780068176{border-radius: 5px !important;}&#8221;]<style>.ld_fancy_heading_69e4c792e5f5d div {margin-top:10px !important;  } @media (min-width: 768px) { .ld_fancy_heading_69e4c792e5f5d div {margin-top:10px !important;  }  } @media (min-width: 992px) { .ld_fancy_heading_69e4c792e5f5d div {margin-top:10px !important;  }  } @media (min-width: 1200px) { .ld_fancy_heading_69e4c792e5f5d div {margin-top:10px !important;  }  } .ld_fancy_heading_69e4c792e5f5d .lqd-highlight-inner{height:0.275em!important;bottom:0px!important;}.ld_fancy_heading_69e4c792e5f5d div {margin-top:10px !important;  } @media (min-width: 768px) { .ld_fancy_heading_69e4c792e5f5d div {margin-top:10px !important;  }  } @media (min-width: 992px) { .ld_fancy_heading_69e4c792e5f5d div {margin-top:10px !important;  }  } @media (min-width: 1200px) { .ld_fancy_heading_69e4c792e5f5d div {margin-top:10px !important;  }  } <\/style><div class=\"ld-fancy-heading text-center ld_fancy_heading_69e4c792e5f5d\">\n\t<div class=\"ld-fh-element lqd-highlight-underline lqd-highlight-grow-left text-decoration-default\"  ><a href=\"https:\/\/www.concreteplacer.com\/rotary-mechanical-distributor\/\" title=\"Rotary Mechanical Distributor\" >  V\u00e1lvulas Desviadoras<\/a><\/div><\/div>[\/vc_column_inner][\/vc_row_inner]<\/div><\/div>\n<\/div>\n[\/vc_column][\/vc_row]<\/p>\n","protected":false},"excerpt":{"rendered":"<p>[vc_row][vc_column][\/vc_column][\/vc_row][vc_row][vc_column width=&#8221;1\/4&#8243;][\/vc_column][vc_column width=&#8221;1\/4&#8243; css=&#8221;.vc_custom_1732282398455{margin-top: 20px !important;margin-right: 20px !important;margin-bottom: 20px !important;margin-left: 20px !important;}&#8221;][vc_single_image image=&#8221;13912&#8243; img_size=&#8221;250&#215;250&#8243; alignment=&#8221;center&#8221;][vc_column_text] V\u00e1lvulas de Desv\u00edo V\u00e1lvulas de desviaci\u00f3n hidr\u00e1ulicas [\/vc_column_text][\/vc_column][vc_column width=&#8221;1\/4&#8243; css=&#8221;.vc_custom_1732282409190{margin-top: 20px !important;margin-right: 20px !important;margin-bottom: 20px !important;margin-left: 20px !important;}&#8221;][vc_single_image image=&#8221;13911&#8243; img_size=&#8221;250&#215;250&#8243; alignment=&#8221;center&#8221;][vc_column_text] Paquetes de Energ\u00eda Paquetes de energ\u00eda para v\u00e1lvulas de desviaci\u00f3n [\/vc_column_text][\/vc_column][vc_column width=&#8221;1\/4&#8243;][\/vc_column][\/vc_row][vc_row responsive_css=&#8221;margin_bottom_large:30px&#8221;][vc_column][vc_separator color=&#8221;custom&#8221; css=&#8221;.vc_custom_1727686035810{margin-top: 20px !important;}&#8221; accent_color=&#8221;rgb(68, 68, [&hellip;]<\/p>\n","protected":false},"author":1,"featured_media":0,"parent":0,"menu_order":0,"comment_status":"closed","ping_status":"closed","template":"","meta":{"footnotes":""},"class_list":["post-15042","page","type-page","status-publish","hentry"],"_links":{"self":[{"href":"https:\/\/www.concreteplacer.com\/es\/wp-json\/wp\/v2\/pages\/15042","targetHints":{"allow":["GET"]}}],"collection":[{"href":"https:\/\/www.concreteplacer.com\/es\/wp-json\/wp\/v2\/pages"}],"about":[{"href":"https:\/\/www.concreteplacer.com\/es\/wp-json\/wp\/v2\/types\/page"}],"author":[{"embeddable":true,"href":"https:\/\/www.concreteplacer.com\/es\/wp-json\/wp\/v2\/users\/1"}],"replies":[{"embeddable":true,"href":"https:\/\/www.concreteplacer.com\/es\/wp-json\/wp\/v2\/comments?post=15042"}],"version-history":[{"count":4,"href":"https:\/\/www.concreteplacer.com\/es\/wp-json\/wp\/v2\/pages\/15042\/revisions"}],"predecessor-version":[{"id":15131,"href":"https:\/\/www.concreteplacer.com\/es\/wp-json\/wp\/v2\/pages\/15042\/revisions\/15131"}],"wp:attachment":[{"href":"https:\/\/www.concreteplacer.com\/es\/wp-json\/wp\/v2\/media?parent=15042"}],"curies":[{"name":"wp","href":"https:\/\/api.w.org\/{rel}","templated":true}]}}